{"id":395,"date":"2021-07-26T08:31:58","date_gmt":"2021-07-26T08:31:58","guid":{"rendered":"https:\/\/hairstetics.com\/?page_id=395"},"modified":"2021-12-29T10:53:37","modified_gmt":"2021-12-29T10:53:37","slug":"testimonials","status":"publish","type":"page","link":"https:\/\/hairstetics.com\/fr\/testimonials\/","title":{"rendered":"T\u00e9moignages"},"content":{"rendered":"<div data-elementor-type=\"wp-page\" data-elementor-id=\"395\" class=\"elementor elementor-395\" data-elementor-settings=\"{&quot;ha_cmc_init_switcher&quot;:&quot;no&quot;}\" data-elementor-post-type=\"page\">\n\t\t\t\t\t\t<section class=\"elementor-section elementor-top-section elementor-element elementor-element-9c454f9 elementor-section-height-min-height elementor-section-boxed elementor-section-height-default elementor-section-items-middle\" data-id=\"9c454f9\" data-element_type=\"section\" data-settings=\"{&quot;background_background&quot;:&quot;classic&quot;,&quot;_ha_eqh_enable&quot;:false}\">\n\t\t\t\t\t\t\t<div class=\"elementor-background-overlay\"><\/div>\n\t\t\t\t\t\t\t<div class=\"elementor-container elementor-column-gap-default\">\n\t\t\t\t\t<div class=\"elementor-column elementor-col-100 elementor-top-column elementor-element elementor-element-b70d4f8\" data-id=\"b70d4f8\" data-element_type=\"column\">\n\t\t\t<div class=\"elementor-widget-wrap elementor-element-populated\">\n\t\t\t\t\t\t<div class=\"elementor-element elementor-element-dca7d1e elementor-widget elementor-widget-heading\" data-id=\"dca7d1e\" data-element_type=\"widget\" data-widget_type=\"heading.default\">\n\t\t\t\t<div class=\"elementor-widget-container\">\n\t\t\t\t\t<h2 class=\"elementor-heading-title elementor-size-default\">T\u00e9moignages<\/h2>\t\t\t\t<\/div>\n\t\t\t\t<\/div>\n\t\t\t\t<div class=\"elementor-element elementor-element-08b88cc elementor-widget-divider--view-line elementor-widget elementor-widget-divider\" data-id=\"08b88cc\" data-element_type=\"widget\" data-widget_type=\"divider.default\">\n\t\t\t\t<div class=\"elementor-widget-container\">\n\t\t\t\t\t\t\t<div class=\"elementor-divider\">\n\t\t\t<span class=\"elementor-divider-separator\">\n\t\t\t\t\t\t<\/span>\n\t\t<\/div>\n\t\t\t\t\t\t<\/div>\n\t\t\t\t<\/div>\n\t\t\t\t\t<\/div>\n\t\t<\/div>\n\t\t\t\t\t<\/div>\n\t\t<\/section>\n\t\t\t\t<section class=\"elementor-section elementor-top-section elementor-element elementor-element-879939b elementor-section-full_width elementor-section-height-default elementor-section-height-default\" data-id=\"879939b\" data-element_type=\"section\" data-settings=\"{&quot;_ha_eqh_enable&quot;:false}\">\n\t\t\t\t\t\t<div class=\"elementor-container elementor-column-gap-default\">\n\t\t\t\t\t<div class=\"elementor-column elementor-col-100 elementor-top-column elementor-element elementor-element-a2f999f\" data-id=\"a2f999f\" data-element_type=\"column\">\n\t\t\t<div class=\"elementor-widget-wrap elementor-element-populated\">\n\t\t\t\t\t\t<section class=\"elementor-section elementor-inner-section elementor-element elementor-element-6003288 elementor-section-boxed elementor-section-height-default elementor-section-height-default\" data-id=\"6003288\" data-element_type=\"section\" data-settings=\"{&quot;_ha_eqh_enable&quot;:false}\">\n\t\t\t\t\t\t<div class=\"elementor-container elementor-column-gap-default\">\n\t\t\t\t\t<div class=\"elementor-column elementor-col-50 elementor-inner-column elementor-element elementor-element-461c8b0\" data-id=\"461c8b0\" data-element_type=\"column\">\n\t\t\t<div class=\"elementor-widget-wrap elementor-element-populated\">\n\t\t\t\t\t\t<div class=\"elementor-element elementor-element-a04f0a6 elementor-widget elementor-widget-image\" data-id=\"a04f0a6\" data-element_type=\"widget\" data-widget_type=\"image.default\">\n\t\t\t\t<div class=\"elementor-widget-container\">\n\t\t\t\t\t\t\t\t\t\t\t\t\t\t\t<img fetchpriority=\"high\" decoding=\"async\" width=\"1024\" height=\"813\" src=\"Mon implantation capillaire Hairstetics a \u00e9t\u00e9 r\u00e9alis\u00e9e rapidement et sans aucune douleur. Il s\u2019agit d\u2019une proc\u00e9dure simple et efficace, et surtout au r\u00e9sultat tr\u00e8s naturel. Catherine, 45 ans\" class=\"attachment-large size-large wp-image-1425\" alt=\"\" srcset=\"\" sizes=\"(max-width: 1024px) 100vw, 1024px\" data-srcset=\"\" \/>\t\t\t\t\t\t\t\t\t\t\t\t\t\t\t<\/div>\n\t\t\t\t<\/div>\n\t\t\t\t\t<\/div>\n\t\t<\/div>\n\t\t\t\t<div class=\"elementor-column elementor-col-50 elementor-inner-column elementor-element elementor-element-c3ea455\" data-id=\"c3ea455\" data-element_type=\"column\">\n\t\t\t<div class=\"elementor-widget-wrap elementor-element-populated\">\n\t\t\t\t\t\t<div class=\"elementor-element elementor-element-32f6089 elementor-widget elementor-widget-heading\" data-id=\"32f6089\" data-element_type=\"widget\" data-widget_type=\"heading.default\">\n\t\t\t\t<div class=\"elementor-widget-container\">\n\t\t\t\t\t<h2 class=\"elementor-heading-title elementor-size-default\">HAIRSTETICS EST UNE NOUVELLE G\u00c9N\u00c9RATION D\u2019IMPLANTS CAPILLAIRES INNOVANTS<\/h2>\t\t\t\t<\/div>\n\t\t\t\t<\/div>\n\t\t\t\t<div class=\"elementor-element elementor-element-2a36c9f elementor-widget elementor-widget-text-editor\" data-id=\"2a36c9f\" data-element_type=\"widget\" data-widget_type=\"text-editor.default\">\n\t\t\t\t<div class=\"elementor-widget-container\">\n\t\t\t\t\t\t\t\t\t<p>Con\u00e7us pour r\u00e9pondre \u00e0 vos besoins, les implants capillaires Hairstetics utilisent une technologie de pointe qui permet d\u2019imiter l\u2019anatomie naturelle de vos propres cheveux. La proc\u00e9dure est s\u00fbre, efficace et peu invasive. En moins d\u2019une heure, vous repartez avec une nouvelle chevelure. Vous pouvez rapidement reprendre vos activit\u00e9s quotidiennes normales, votre confiance en vous retrouv\u00e9e. Vos implants capillaires Hairstetics \u00e0 l\u2019aspect naturel se fondent instantan\u00e9ment avec vos propres cheveux, vous permettant de retrouver votre ancienne chevelure.<\/p>\t\t\t\t\t\t\t\t<\/div>\n\t\t\t\t<\/div>\n\t\t\t\t\t<\/div>\n\t\t<\/div>\n\t\t\t\t\t<\/div>\n\t\t<\/section>\n\t\t\t\t<section class=\"elementor-section elementor-inner-section elementor-element elementor-element-2098729 elementor-section-boxed elementor-section-height-default elementor-section-height-default\" data-id=\"2098729\" data-element_type=\"section\" data-settings=\"{&quot;_ha_eqh_enable&quot;:false}\">\n\t\t\t\t\t\t<div class=\"elementor-container elementor-column-gap-default\">\n\t\t\t\t\t<div class=\"elementor-column elementor-col-50 elementor-inner-column elementor-element elementor-element-bfe7dbb\" data-id=\"bfe7dbb\" data-element_type=\"column\">\n\t\t\t<div class=\"elementor-widget-wrap elementor-element-populated\">\n\t\t\t\t\t\t<div class=\"elementor-element elementor-element-88f2a42 elementor-widget elementor-widget-image\" data-id=\"88f2a42\" data-element_type=\"widget\" data-widget_type=\"image.default\">\n\t\t\t\t<div class=\"elementor-widget-container\">\n\t\t\t\t\t\t\t\t\t\t\t\t\t\t\t<img decoding=\"async\" width=\"1024\" height=\"813\" src=\"Mon implantation capillaire Hairstetics a \u00e9t\u00e9 r\u00e9alis\u00e9e rapidement et sans aucune douleur. Il s\u2019agit d\u2019une proc\u00e9dure simple et efficace, et surtout au r\u00e9sultat tr\u00e8s naturel. Catherine, 45 ans\" class=\"attachment-large size-large wp-image-1426\" alt=\"\" srcset=\"\" sizes=\"(max-width: 1024px) 100vw, 1024px\" data-srcset=\"\" \/>\t\t\t\t\t\t\t\t\t\t\t\t\t\t\t<\/div>\n\t\t\t\t<\/div>\n\t\t\t\t\t<\/div>\n\t\t<\/div>\n\t\t\t\t<div class=\"elementor-column elementor-col-50 elementor-inner-column elementor-element elementor-element-dc3cfbd\" data-id=\"dc3cfbd\" data-element_type=\"column\">\n\t\t\t<div class=\"elementor-widget-wrap elementor-element-populated\">\n\t\t\t\t\t\t<div class=\"elementor-element elementor-element-aca09df elementor-widget elementor-widget-heading\" data-id=\"aca09df\" data-element_type=\"widget\" data-widget_type=\"heading.default\">\n\t\t\t\t<div class=\"elementor-widget-container\">\n\t\t\t\t\t<h2 class=\"elementor-heading-title elementor-size-default\">DES IMPLANTS CAPILLAIRES PERSONNALIS\u00c9S POUR S\u2019ADAPTER \u00c0 VOTRE STYLE<\/h2>\t\t\t\t<\/div>\n\t\t\t\t<\/div>\n\t\t\t\t<div class=\"elementor-element elementor-element-27de6aa elementor-widget elementor-widget-text-editor\" data-id=\"27de6aa\" data-element_type=\"widget\" data-widget_type=\"text-editor.default\">\n\t\t\t\t<div class=\"elementor-widget-container\">\n\t\t\t\t\t\t\t\t\t<p>Toute une gamme de longueurs, de styles et de couleurs est disponible pour s\u2019assurer que vos implants capillaires se fondent dans votre chevelure naturelle. Lors du premier rendez-vous avec votre m\u00e9decin, vous pourrez discuter du meilleur choix pour vous et commencer \u00e0 planifier votre implantation capillaire. Vous pouvez choisir le style d\u2019implants que vous souhaitez \u2013 vous pouvez m\u00eame colorer vos cheveux naturels de la m\u00eame couleur que vos implants capillaires.<\/p>\t\t\t\t\t\t\t\t<\/div>\n\t\t\t\t<\/div>\n\t\t\t\t<div class=\"elementor-element elementor-element-250acd7 elementor-widget elementor-widget-image\" data-id=\"250acd7\" data-element_type=\"widget\" data-widget_type=\"image.default\">\n\t\t\t\t<div class=\"elementor-widget-container\">\n\t\t\t\t\t\t\t\t\t\t\t\t\t\t\t<img decoding=\"async\" width=\"1024\" height=\"169\" src=\"https:\/\/hairstetics.com\/wp-content\/uploads\/2021\/12\/HST-colour-chart-min-1024x169.jpg\" class=\"attachment-large size-large wp-image-1427\" alt=\"\" srcset=\"https:\/\/hairstetics.com\/wp-content\/uploads\/2021\/12\/HST-colour-chart-min-1024x169.jpg 1024w, https:\/\/hairstetics.com\/wp-content\/uploads\/2021\/12\/HST-colour-chart-min-300x50.jpg 300w, https:\/\/hairstetics.com\/wp-content\/uploads\/2021\/12\/HST-colour-chart-min-768x127.jpg 768w, https:\/\/hairstetics.com\/wp-content\/uploads\/2021\/12\/HST-colour-chart-min-1536x254.jpg 1536w, https:\/\/hairstetics.com\/wp-content\/uploads\/2021\/12\/HST-colour-chart-min-2048x339.jpg 2048w, https:\/\/hairstetics.com\/wp-content\/uploads\/2021\/12\/HST-colour-chart-min-18x3.jpg 18w\" sizes=\"(max-width: 1024px) 100vw, 1024px\" \/>\t\t\t\t\t\t\t\t\t\t\t\t\t\t\t<\/div>\n\t\t\t\t<\/div>\n\t\t\t\t\t<\/div>\n\t\t<\/div>\n\t\t\t\t\t<\/div>\n\t\t<\/section>\n\t\t\t\t<section class=\"elementor-section elementor-inner-section elementor-element elementor-element-addc268 elementor-section-boxed elementor-section-height-default elementor-section-height-default\" data-id=\"addc268\" data-element_type=\"section\" data-settings=\"{&quot;_ha_eqh_enable&quot;:false}\">\n\t\t\t\t\t\t<div class=\"elementor-container elementor-column-gap-default\">\n\t\t\t\t\t<div class=\"elementor-column elementor-col-100 elementor-inner-column elementor-element elementor-element-3bd4935\" data-id=\"3bd4935\" data-element_type=\"column\">\n\t\t\t<div class=\"elementor-widget-wrap elementor-element-populated\">\n\t\t\t\t\t\t<div class=\"elementor-element elementor-element-0b56bc5 elementor-widget elementor-widget-image\" data-id=\"0b56bc5\" data-element_type=\"widget\" data-widget_type=\"image.default\">\n\t\t\t\t<div class=\"elementor-widget-container\">\n\t\t\t\t\t\t\t\t\t\t\t\t\t\t\t<img loading=\"lazy\" decoding=\"async\" width=\"1024\" height=\"813\" src=\"https:\/\/hairstetics.com\/wp-content\/uploads\/2021\/12\/testimonials_kate-1024x813.png\" class=\"attachment-large size-large wp-image-1428\" alt=\"\" srcset=\"https:\/\/hairstetics.com\/wp-content\/uploads\/2021\/12\/testimonials_kate-1024x813.png 1024w, https:\/\/hairstetics.com\/wp-content\/uploads\/2021\/12\/testimonials_kate-300x238.png 300w, https:\/\/hairstetics.com\/wp-content\/uploads\/2021\/12\/testimonials_kate-768x610.png 768w, https:\/\/hairstetics.com\/wp-content\/uploads\/2021\/12\/testimonials_kate-15x12.png 15w, https:\/\/hairstetics.com\/wp-content\/uploads\/2021\/12\/testimonials_kate.png 1360w\" sizes=\"(max-width: 1024px) 100vw, 1024px\" \/>\t\t\t\t\t\t\t\t\t\t\t\t\t\t\t<\/div>\n\t\t\t\t<\/div>\n\t\t\t\t\t<\/div>\n\t\t<\/div>\n\t\t\t\t\t<\/div>\n\t\t<\/section>\n\t\t\t\t\t<\/div>\n\t\t<\/div>\n\t\t\t\t\t<\/div>\n\t\t<\/section>\n\t\t\t\t<\/div>","protected":false},"excerpt":{"rendered":"<p>TESTIMONIALS HAIRSTETICS IS A NEW GENERATION OF INNOVATIVE HAIR IMPLANTS Designed with your needs at heart, Hairstetics hair implants feature the latest technologies, directly inspired by the natural anatomy of your hair. The procedure is safe, efficient and minimally invasive. In less than an hour, you will leave with your new hair implants in place. [&hellip;]<\/p>","protected":false},"author":1,"featured_media":0,"parent":0,"menu_order":0,"comment_status":"closed","ping_status":"closed","template":"elementor_header_footer","meta":{"site-sidebar-layout":"no-sidebar","site-content-layout":"page-builder","ast-site-content-layout":"default","site-content-style":"default","site-sidebar-style":"default","ast-global-header-display":"","ast-banner-title-visibility":"","ast-main-header-display":"","ast-hfb-above-header-display":"","ast-hfb-below-header-display":"","ast-hfb-mobile-header-display":"","site-post-title":"disabled","ast-breadcrumbs-content":"","ast-featured-img":"disabled","footer-sml-layout":"","theme-transparent-header-meta":"default","adv-header-id-meta":"","stick-header-meta":"","header-above-stick-meta":"","header-main-stick-meta":"","header-below-stick-meta":"","astra-migrate-meta-layouts":"default","ast-page-background-enabled":"default","ast-page-background-meta":{"desktop":{"background-color":"","background-image":"","background-repeat":"repeat","background-position":"center center","background-size":"auto","background-attachment":"scroll","background-type":"","background-media":"","overlay-type":"","overlay-color":"","overlay-opacity":"","overlay-gradient":""},"tablet":{"background-color":"","background-image":"","background-repeat":"repeat","background-position":"center center","background-size":"auto","background-attachment":"scroll","background-type":"","background-media":"","overlay-type":"","overlay-color":"","overlay-opacity":"","overlay-gradient":""},"mobile":{"background-color":"","background-image":"","background-repeat":"repeat","background-position":"center center","background-size":"auto","background-attachment":"scroll","background-type":"","background-media":"","overlay-type":"","overlay-color":"","overlay-opacity":"","overlay-gradient":""}},"ast-content-background-meta":{"desktop":{"background-color":"var(--ast-global-color-5)","background-image":"","background-repeat":"repeat","background-position":"center center","background-size":"auto","background-attachment":"scroll","background-type":"","background-media":"","overlay-type":"","overlay-color":"","overlay-opacity":"","overlay-gradient":""},"tablet":{"background-color":"var(--ast-global-color-5)","background-image":"","background-repeat":"repeat","background-position":"center center","background-size":"auto","background-attachment":"scroll","background-type":"","background-media":"","overlay-type":"","overlay-color":"","overlay-opacity":"","overlay-gradient":""},"mobile":{"background-color":"var(--ast-global-color-5)","background-image":"","background-repeat":"repeat","background-position":"center center","background-size":"auto","background-attachment":"scroll","background-type":"","background-media":"","overlay-type":"","overlay-color":"","overlay-opacity":"","overlay-gradient":""}},"_joinchat":[],"footnotes":""},"class_list":["post-395","page","type-page","status-publish","hentry"],"aioseo_notices":[],"_links":{"self":[{"href":"https:\/\/hairstetics.com\/fr\/wp-json\/wp\/v2\/pages\/395","targetHints":{"allow":["GET"]}}],"collection":[{"href":"https:\/\/hairstetics.com\/fr\/wp-json\/wp\/v2\/pages"}],"about":[{"href":"https:\/\/hairstetics.com\/fr\/wp-json\/wp\/v2\/types\/page"}],"author":[{"embeddable":true,"href":"https:\/\/hairstetics.com\/fr\/wp-json\/wp\/v2\/users\/1"}],"replies":[{"embeddable":true,"href":"https:\/\/hairstetics.com\/fr\/wp-json\/wp\/v2\/comments?post=395"}],"version-history":[{"count":0,"href":"https:\/\/hairstetics.com\/fr\/wp-json\/wp\/v2\/pages\/395\/revisions"}],"wp:attachment":[{"href":"https:\/\/hairstetics.com\/fr\/wp-json\/wp\/v2\/media?parent=395"}],"curies":[{"name":"wp","href":"https:\/\/api.w.org\/{rel}","templated":true}]}}